{"id":756,"date":"2024-03-18T16:58:41","date_gmt":"2024-03-18T16:58:41","guid":{"rendered":"https:\/\/www.alfa3dtasarim.com.tr\/skd\/?page_id=756"},"modified":"2025-01-15T16:45:27","modified_gmt":"2025-01-15T16:45:27","slug":"calisma-alanlari","status":"publish","type":"page","link":"https:\/\/www.surdurulebilir.org\/eng\/calisma-alanlari\/","title":{"rendered":"Work\u0131ng Areas"},"content":{"rendered":"\t\t<div data-elementor-type=\"wp-page\" data-elementor-id=\"756\" class=\"elementor elementor-756\" data-elementor-post-type=\"page\">\n\t\t\t\t<div class=\"elementor-element elementor-element-add52e6 e-flex e-con-boxed e-con e-parent\" data-id=\"add52e6\" data-element_type=\"container\">\n\t\t\t\t\t<div class=\"e-con-inner\">\n\t\t\t\t<div class=\"elementor-element elementor-element-f644765 elementor-widget elementor-widget-gva_icon_box_group\" data-id=\"f644765\" data-element_type=\"widget\" data-widget_type=\"gva_icon_box_group.default\">\n\t\t\t\t<div class=\"elementor-widget-container\">\n\t\t\t\t\t<div class=\"gva-element-gva_icon_box_group gva-element\">\r\n<div class=\"gsc-icon-box-group layout-grid\">\r\n\t<div class=\"lg-block-grid-2 md-block-grid-2 sm-block-grid-2 xs-block-grid-1 xx-block-grid-1\">\r\n\t\t<div class=\"item-columns\">\r\n<div class=\"icon-box-item elementor-repeater-item-118a75c\">\r\n\r\n\t\r\n\t<div class=\"iconbox-two__single\"><div class=\"iconbox-two__content\"><div class=\"iconbox-two__icon-wrap\"><div class=\"iconbox-two__number\">01<\/div><div class=\"iconbox-two__icon\"><svg aria-hidden=\"true\" class=\"e-font-icon-svg e-far-check-circle\" viewBox=\"0 0 512 512\" xmlns=\"http:\/\/www.w3.org\/2000\/svg\"><path d=\"M256 8C119.033 8 8 119.033 8 256s111.033 248 248 248 248-111.033 248-248S392.967 8 256 8zm0 48c110.532 0 200 89.451 200 200 0 110.532-89.451 200-200 200-110.532 0-200-89.451-200-200 0-110.532 89.451-200 200-200m140.204 130.267l-22.536-22.718c-4.667-4.705-12.265-4.736-16.97-.068L215.346 303.697l-59.792-60.277c-4.667-4.705-12.265-4.736-16.97-.069l-22.719 22.536c-4.705 4.667-4.736 12.265-.068 16.971l90.781 91.516c4.667 4.705 12.265 4.736 16.97.068l172.589-171.204c4.704-4.668 4.734-12.266.067-16.971z\"><\/path><\/svg><\/div><\/div><div class=\"iconbox-two__content-inner\"><h3 class=\"iconbox-two__title\">Env\u0131ronmental, Econom\u0131c & Soc\u0131al Development<\/h3><div class=\"iconbox-two__desc\">We work in the field of sustainable development and development efforts in all areas, ensuring environmental, economic and social development in all human and natural areas with a holistic perspective by protecting the natural environment; eliminating rural, urban, regional and inter-country social and economic inequality and making safe human settlements and environmentally sensitive natural settlements sustainable and improving social solidarity and civil society effectiveness in sustainable development.<\/div><\/div><\/div><\/div>\r\n\t\r\n\t\r\n\t\r\n<\/div><\/div><div class=\"item-columns\">\r\n<div class=\"icon-box-item elementor-repeater-item-2b59507\">\r\n\r\n\t\r\n\t<div class=\"iconbox-two__single\"><div class=\"iconbox-two__content\"><div class=\"iconbox-two__icon-wrap\"><div class=\"iconbox-two__number\">02<\/div><div class=\"iconbox-two__icon\"><svg aria-hidden=\"true\" class=\"e-font-icon-svg e-far-check-circle\" viewBox=\"0 0 512 512\" xmlns=\"http:\/\/www.w3.org\/2000\/svg\"><path d=\"M256 8C119.033 8 8 119.033 8 256s111.033 248 248 248 248-111.033 248-248S392.967 8 256 8zm0 48c110.532 0 200 89.451 200 200 0 110.532-89.451 200-200 200-110.532 0-200-89.451-200-200 0-110.532 89.451-200 200-200m140.204 130.267l-22.536-22.718c-4.667-4.705-12.265-4.736-16.97-.068L215.346 303.697l-59.792-60.277c-4.667-4.705-12.265-4.736-16.97-.069l-22.719 22.536c-4.705 4.667-4.736 12.265-.068 16.971l90.781 91.516c4.667 4.705 12.265 4.736 16.97.068l172.589-171.204c4.704-4.668 4.734-12.266.067-16.971z\"><\/path><\/svg><\/div><\/div><div class=\"iconbox-two__content-inner\"><h3 class=\"iconbox-two__title\">Qual\u0131ty of L\u0131fe & Welfare Improvement<\/h3><div class=\"iconbox-two__desc\">We work to improve the well-being and quality of life of all people at all ages, including through income growth, and to ensure people's access to a healthy life and its sustainable management, recognizing equality of gender, opportunity and access as a common principle for present and future generations.<\/div><\/div><\/div><\/div>\r\n\t\r\n\t\r\n\t\r\n<\/div><\/div><div class=\"item-columns\">\r\n<div class=\"icon-box-item elementor-repeater-item-6b5626d\">\r\n\r\n\t\r\n\t<div class=\"iconbox-two__single\"><div class=\"iconbox-two__content\"><div class=\"iconbox-two__icon-wrap\"><div class=\"iconbox-two__number\">03<\/div><div class=\"iconbox-two__icon\"><svg aria-hidden=\"true\" class=\"e-font-icon-svg e-far-check-circle\" viewBox=\"0 0 512 512\" xmlns=\"http:\/\/www.w3.org\/2000\/svg\"><path d=\"M256 8C119.033 8 8 119.033 8 256s111.033 248 248 248 248-111.033 248-248S392.967 8 256 8zm0 48c110.532 0 200 89.451 200 200 0 110.532-89.451 200-200 200-110.532 0-200-89.451-200-200 0-110.532 89.451-200 200-200m140.204 130.267l-22.536-22.718c-4.667-4.705-12.265-4.736-16.97-.068L215.346 303.697l-59.792-60.277c-4.667-4.705-12.265-4.736-16.97-.069l-22.719 22.536c-4.705 4.667-4.736 12.265-.068 16.971l90.781 91.516c4.667 4.705 12.265 4.736 16.97.068l172.589-171.204c4.704-4.668 4.734-12.266.067-16.971z\"><\/path><\/svg><\/div><\/div><div class=\"iconbox-two__content-inner\"><h3 class=\"iconbox-two__title\">Empowerment of the D\u0131sadvantaged<\/h3><div class=\"iconbox-two__desc\">Women, children, youth, older persons, persons with disabilities, long-term unemployed, refugees\/asylum seekers\/migrants\/migrants\/displaced persons, poor or at risk of poverty, including those living in slums, former prisoners or detainees, women victims of violence or abuse, substance abusers, We work in the field of protecting and strengthening the social and economic position of working children and their families, single parents, individuals in shelters, homeless people, seasonal agricultural workers and other disadvantaged groups who face discrimination or prejudice in accessing the social sphere or the economic market.<\/div><\/div><\/div><\/div>\r\n\t\r\n\t\r\n\t\r\n<\/div><\/div><div class=\"item-columns\">\r\n<div class=\"icon-box-item elementor-repeater-item-38e724f\">\r\n\r\n\t\r\n\t<div class=\"iconbox-two__single\"><div class=\"iconbox-two__content\"><div class=\"iconbox-two__icon-wrap\"><div class=\"iconbox-two__number\">04<\/div><div class=\"iconbox-two__icon\"><svg aria-hidden=\"true\" class=\"e-font-icon-svg e-far-check-circle\" viewBox=\"0 0 512 512\" xmlns=\"http:\/\/www.w3.org\/2000\/svg\"><path d=\"M256 8C119.033 8 8 119.033 8 256s111.033 248 248 248 248-111.033 248-248S392.967 8 256 8zm0 48c110.532 0 200 89.451 200 200 0 110.532-89.451 200-200 200-110.532 0-200-89.451-200-200 0-110.532 89.451-200 200-200m140.204 130.267l-22.536-22.718c-4.667-4.705-12.265-4.736-16.97-.068L215.346 303.697l-59.792-60.277c-4.667-4.705-12.265-4.736-16.97-.069l-22.719 22.536c-4.705 4.667-4.736 12.265-.068 16.971l90.781 91.516c4.667 4.705 12.265 4.736 16.97.068l172.589-171.204c4.704-4.668 4.734-12.266.067-16.971z\"><\/path><\/svg><\/div><\/div><div class=\"iconbox-two__content-inner\"><h3 class=\"iconbox-two__title\">L\u0131felong Learn\u0131ng & Sk\u0131ll Acqu\u0131s\u0131t\u0131on<\/h3><div class=\"iconbox-two__desc\">We work in the field of providing quality education that is inclusive and equal for all; providing lifelong quality education; contributing to the development of vocational training; and developing the skills and competencies of human capital and transforming them into added value.<\/div><\/div><\/div><\/div>\r\n\t\r\n\t\r\n\t\r\n<\/div><\/div><div class=\"item-columns\">\r\n<div class=\"icon-box-item elementor-repeater-item-0b5612b\">\r\n\r\n\t\r\n\t<div class=\"iconbox-two__single\"><div class=\"iconbox-two__content\"><div class=\"iconbox-two__icon-wrap\"><div class=\"iconbox-two__number\">05<\/div><div class=\"iconbox-two__icon\"><svg aria-hidden=\"true\" class=\"e-font-icon-svg e-far-check-circle\" viewBox=\"0 0 512 512\" xmlns=\"http:\/\/www.w3.org\/2000\/svg\"><path d=\"M256 8C119.033 8 8 119.033 8 256s111.033 248 248 248 248-111.033 248-248S392.967 8 256 8zm0 48c110.532 0 200 89.451 200 200 0 110.532-89.451 200-200 200-110.532 0-200-89.451-200-200 0-110.532 89.451-200 200-200m140.204 130.267l-22.536-22.718c-4.667-4.705-12.265-4.736-16.97-.068L215.346 303.697l-59.792-60.277c-4.667-4.705-12.265-4.736-16.97-.069l-22.719 22.536c-4.705 4.667-4.736 12.265-.068 16.971l90.781 91.516c4.667 4.705 12.265 4.736 16.97.068l172.589-171.204c4.704-4.668 4.734-12.266.067-16.971z\"><\/path><\/svg><\/div><\/div><div class=\"iconbox-two__content-inner\"><h3 class=\"iconbox-two__title\">Development of Human Resources \u0131n All Sectors<\/h3><div class=\"iconbox-two__desc\">We work in the field that develops Human Resources in all sectors; creates a decent work culture and inter-sectoral cooperation in all sectors by supporting occupational health and safety; takes measures and precautions to increase employment by supporting labor mobility; and supports entrepreneurship by implementing angel investing and crowdfunding practices.<\/div><\/div><\/div><\/div>\r\n\t\r\n\t\r\n\t\r\n<\/div><\/div><div class=\"item-columns\">\r\n<div class=\"icon-box-item elementor-repeater-item-1c37405\">\r\n\r\n\t\r\n\t<div class=\"iconbox-two__single\"><div class=\"iconbox-two__content\"><div class=\"iconbox-two__icon-wrap\"><div class=\"iconbox-two__number\">06<\/div><div class=\"iconbox-two__icon\"><svg aria-hidden=\"true\" class=\"e-font-icon-svg e-far-check-circle\" viewBox=\"0 0 512 512\" xmlns=\"http:\/\/www.w3.org\/2000\/svg\"><path d=\"M256 8C119.033 8 8 119.033 8 256s111.033 248 248 248 248-111.033 248-248S392.967 8 256 8zm0 48c110.532 0 200 89.451 200 200 0 110.532-89.451 200-200 200-110.532 0-200-89.451-200-200 0-110.532 89.451-200 200-200m140.204 130.267l-22.536-22.718c-4.667-4.705-12.265-4.736-16.97-.068L215.346 303.697l-59.792-60.277c-4.667-4.705-12.265-4.736-16.97-.069l-22.719 22.536c-4.705 4.667-4.736 12.265-.068 16.971l90.781 91.516c4.667 4.705 12.265 4.736 16.97.068l172.589-171.204c4.704-4.668 4.734-12.266.067-16.971z\"><\/path><\/svg><\/div><\/div><div class=\"iconbox-two__content-inner\"><h3 class=\"iconbox-two__title\">Protect\u0131on of Env\u0131ronment & Nature Systems<\/h3><div class=\"iconbox-two__desc\">We work in areas that protect\/improve\/support environmental and natural systems and ensure their balanced planning and management; combat the effects of climate change in the perspective of awareness and mitigation of climate change by giving importance to low carbon economy; and provide accessible\/reliable\/sustainable\/renewable modern energy.<\/div><\/div><\/div><\/div>\r\n\t\r\n\t\r\n\t\r\n<\/div><\/div><div class=\"item-columns\">\r\n<div class=\"icon-box-item elementor-repeater-item-d40eb18\">\r\n\r\n\t\r\n\t<div class=\"iconbox-two__single\"><div class=\"iconbox-two__content\"><div class=\"iconbox-two__icon-wrap\"><div class=\"iconbox-two__number\">07<\/div><div class=\"iconbox-two__icon\"><svg aria-hidden=\"true\" class=\"e-font-icon-svg e-far-check-circle\" viewBox=\"0 0 512 512\" xmlns=\"http:\/\/www.w3.org\/2000\/svg\"><path d=\"M256 8C119.033 8 8 119.033 8 256s111.033 248 248 248 248-111.033 248-248S392.967 8 256 8zm0 48c110.532 0 200 89.451 200 200 0 110.532-89.451 200-200 200-110.532 0-200-89.451-200-200 0-110.532 89.451-200 200-200m140.204 130.267l-22.536-22.718c-4.667-4.705-12.265-4.736-16.97-.068L215.346 303.697l-59.792-60.277c-4.667-4.705-12.265-4.736-16.97-.069l-22.719 22.536c-4.705 4.667-4.736 12.265-.068 16.971l90.781 91.516c4.667 4.705 12.265 4.736 16.97.068l172.589-171.204c4.704-4.668 4.734-12.266.067-16.971z\"><\/path><\/svg><\/div><\/div><div class=\"iconbox-two__content-inner\"><h3 class=\"iconbox-two__title\">Aquat\u0131c & Terrestr\u0131al B\u0131od\u0131vers\u0131ty Conservat\u0131on<\/h3><div class=\"iconbox-two__desc\">We work in the field of protecting, restoring and ensuring the sustainable use of seas and all water resources, terrestrial ecosystems and forests; stopping the loss of biodiversity; stopping the loss of productivity of soils by combating desertification.<\/div><\/div><\/div><\/div>\r\n\t\r\n\t\r\n\t\r\n<\/div><\/div><div class=\"item-columns\">\r\n<div class=\"icon-box-item elementor-repeater-item-a66438d\">\r\n\r\n\t\r\n\t<div class=\"iconbox-two__single\"><div class=\"iconbox-two__content\"><div class=\"iconbox-two__icon-wrap\"><div class=\"iconbox-two__number\">08<\/div><div class=\"iconbox-two__icon\"><svg aria-hidden=\"true\" class=\"e-font-icon-svg e-far-check-circle\" viewBox=\"0 0 512 512\" xmlns=\"http:\/\/www.w3.org\/2000\/svg\"><path d=\"M256 8C119.033 8 8 119.033 8 256s111.033 248 248 248 248-111.033 248-248S392.967 8 256 8zm0 48c110.532 0 200 89.451 200 200 0 110.532-89.451 200-200 200-110.532 0-200-89.451-200-200 0-110.532 89.451-200 200-200m140.204 130.267l-22.536-22.718c-4.667-4.705-12.265-4.736-16.97-.068L215.346 303.697l-59.792-60.277c-4.667-4.705-12.265-4.736-16.97-.069l-22.719 22.536c-4.705 4.667-4.736 12.265-.068 16.971l90.781 91.516c4.667 4.705 12.265 4.736 16.97.068l172.589-171.204c4.704-4.668 4.734-12.266.067-16.971z\"><\/path><\/svg><\/div><\/div><div class=\"iconbox-two__content-inner\"><h3 class=\"iconbox-two__title\">Susta\u0131nable Product\u0131on & Consumpt\u0131on<\/h3><div class=\"iconbox-two__desc\">We work in the field that ensures sustainable production and consumption with a self-sufficiency perspective; ends poverty and hunger by meeting the basic needs of every human being; improves food security and nutrition opportunities; and supports sustainable agriculture.<\/div><\/div><\/div><\/div>\r\n\t\r\n\t\r\n\t\r\n<\/div><\/div><div class=\"item-columns\">\r\n<div class=\"icon-box-item elementor-repeater-item-f1c9a30\">\r\n\r\n\t\r\n\t<div class=\"iconbox-two__single\"><div class=\"iconbox-two__content\"><div class=\"iconbox-two__icon-wrap\"><div class=\"iconbox-two__number\">09<\/div><div class=\"iconbox-two__icon\"><svg aria-hidden=\"true\" class=\"e-font-icon-svg e-far-check-circle\" viewBox=\"0 0 512 512\" xmlns=\"http:\/\/www.w3.org\/2000\/svg\"><path d=\"M256 8C119.033 8 8 119.033 8 256s111.033 248 248 248 248-111.033 248-248S392.967 8 256 8zm0 48c110.532 0 200 89.451 200 200 0 110.532-89.451 200-200 200-110.532 0-200-89.451-200-200 0-110.532 89.451-200 200-200m140.204 130.267l-22.536-22.718c-4.667-4.705-12.265-4.736-16.97-.068L215.346 303.697l-59.792-60.277c-4.667-4.705-12.265-4.736-16.97-.069l-22.719 22.536c-4.705 4.667-4.736 12.265-.068 16.971l90.781 91.516c4.667 4.705 12.265 4.736 16.97.068l172.589-171.204c4.704-4.668 4.734-12.266.067-16.971z\"><\/path><\/svg><\/div><\/div><div class=\"iconbox-two__content-inner\"><h3 class=\"iconbox-two__title\">Innovat\u0131on & R&D & Compet\u0131t\u0131veness<\/h3><div class=\"iconbox-two__desc\">We work in the field that supports sustainable and inclusive industrialization, the construction of infrastructure and superstructure within the framework of the needs of modern and future generations, new inventions, innovation, research and development, technological development and evolution; developing and promoting competitiveness and innovation in the local\/regional\/international area.<\/div><\/div><\/div><\/div>\r\n\t\r\n\t\r\n\t\r\n<\/div><\/div><div class=\"item-columns\">\r\n<div class=\"icon-box-item elementor-repeater-item-6332b66\">\r\n\r\n\t\r\n\t<div class=\"iconbox-two__single\"><div class=\"iconbox-two__content\"><div class=\"iconbox-two__icon-wrap\"><div class=\"iconbox-two__number\">10<\/div><div class=\"iconbox-two__icon\"><svg aria-hidden=\"true\" class=\"e-font-icon-svg e-far-check-circle\" viewBox=\"0 0 512 512\" xmlns=\"http:\/\/www.w3.org\/2000\/svg\"><path d=\"M256 8C119.033 8 8 119.033 8 256s111.033 248 248 248 248-111.033 248-248S392.967 8 256 8zm0 48c110.532 0 200 89.451 200 200 0 110.532-89.451 200-200 200-110.532 0-200-89.451-200-200 0-110.532 89.451-200 200-200m140.204 130.267l-22.536-22.718c-4.667-4.705-12.265-4.736-16.97-.068L215.346 303.697l-59.792-60.277c-4.667-4.705-12.265-4.736-16.97-.069l-22.719 22.536c-4.705 4.667-4.736 12.265-.068 16.971l90.781 91.516c4.667 4.705 12.265 4.736 16.97.068l172.589-171.204c4.704-4.668 4.734-12.266.067-16.971z\"><\/path><\/svg><\/div><\/div><div class=\"iconbox-two__content-inner\"><h3 class=\"iconbox-two__title\">Effect\u0131ve Management & Increased Inst\u0131tut\u0131onal Capac\u0131ty<\/h3><div class=\"iconbox-two__desc\">We work in areas that increase institutional capacity by supporting effective and efficient public administration; support all public-private-university and civil society organizations to achieve global sustainable development goals; strengthen the implementation of local and global partnerships; and promote effective, accountable and transparent institutions at all levels.<\/div><\/div><\/div><\/div>\r\n\t\r\n\t\r\n\t\r\n<\/div><\/div><div class=\"item-columns\">\r\n<div class=\"icon-box-item elementor-repeater-item-1e70dd1\">\r\n\r\n\t\r\n\t<div class=\"iconbox-two__single\"><div class=\"iconbox-two__content\"><div class=\"iconbox-two__icon-wrap\"><div class=\"iconbox-two__number\">11<\/div><div class=\"iconbox-two__icon\"><svg aria-hidden=\"true\" class=\"e-font-icon-svg e-far-check-circle\" viewBox=\"0 0 512 512\" xmlns=\"http:\/\/www.w3.org\/2000\/svg\"><path d=\"M256 8C119.033 8 8 119.033 8 256s111.033 248 248 248 248-111.033 248-248S392.967 8 256 8zm0 48c110.532 0 200 89.451 200 200 0 110.532-89.451 200-200 200-110.532 0-200-89.451-200-200 0-110.532 89.451-200 200-200m140.204 130.267l-22.536-22.718c-4.667-4.705-12.265-4.736-16.97-.068L215.346 303.697l-59.792-60.277c-4.667-4.705-12.265-4.736-16.97-.069l-22.719 22.536c-4.705 4.667-4.736 12.265-.068 16.971l90.781 91.516c4.667 4.705 12.265 4.736 16.97.068l172.589-171.204c4.704-4.668 4.734-12.266.067-16.971z\"><\/path><\/svg><\/div><\/div><div class=\"iconbox-two__content-inner\"><h3 class=\"iconbox-two__title\">Governance & Democracy & Human R\u0131ghts<\/h3><div class=\"iconbox-two__desc\">We work in areas that make the principles of governance, democracy and human rights accessible to all; ensure access to justice for all; combat discrimination by working towards social justice; and ensure social equality, gender equality, treating everyone equally, not discriminating or treating differently.<\/div><\/div><\/div><\/div>\r\n\t\r\n\t\r\n\t\r\n<\/div><\/div>\t<\/div>   \r\n<\/div>\r\n<\/div>\t\t\t\t<\/div>\n\t\t\t\t<\/div>\n\t\t\t\t\t<\/div>\n\t\t\t\t<\/div>\n\t\t\t\t<\/div>\n\t\t","protected":false},"excerpt":{"rendered":"<p>01 Env\u0131ronmental, Econom\u0131c &amp; Soc\u0131al Development We work in the field of sustainable development and development efforts in all areas, ensuring environmental, economic and social development in all human and natural areas with a holistic perspective by protecting the natural environment; eliminating rural, urban, regional and inter-country social and economic inequality and making safe human [&hellip;]<\/p>\n","protected":false},"author":1,"featured_media":0,"parent":0,"menu_order":0,"comment_status":"closed","ping_status":"closed","template":"","meta":{"footnotes":""},"class_list":["post-756","page","type-page","status-publish","hentry"],"_links":{"self":[{"href":"https:\/\/www.surdurulebilir.org\/eng\/wp-json\/wp\/v2\/pages\/756","targetHints":{"allow":["GET"]}}],"collection":[{"href":"https:\/\/www.surdurulebilir.org\/eng\/wp-json\/wp\/v2\/pages"}],"about":[{"href":"https:\/\/www.surdurulebilir.org\/eng\/wp-json\/wp\/v2\/types\/page"}],"author":[{"embeddable":true,"href":"https:\/\/www.surdurulebilir.org\/eng\/wp-json\/wp\/v2\/users\/1"}],"replies":[{"embeddable":true,"href":"https:\/\/www.surdurulebilir.org\/eng\/wp-json\/wp\/v2\/comments?post=756"}],"version-history":[{"count":12,"href":"https:\/\/www.surdurulebilir.org\/eng\/wp-json\/wp\/v2\/pages\/756\/revisions"}],"predecessor-version":[{"id":1821,"href":"https:\/\/www.surdurulebilir.org\/eng\/wp-json\/wp\/v2\/pages\/756\/revisions\/1821"}],"wp:attachment":[{"href":"https:\/\/www.surdurulebilir.org\/eng\/wp-json\/wp\/v2\/media?parent=756"}],"curies":[{"name":"wp","href":"https:\/\/api.w.org\/{rel}","templated":true}]}}