{"id":746,"date":"2024-03-18T16:57:22","date_gmt":"2024-03-18T16:57:22","guid":{"rendered":"https:\/\/www.alfa3dtasarim.com.tr\/skd\/?page_id=746"},"modified":"2025-01-15T12:22:53","modified_gmt":"2025-01-15T12:22:53","slug":"dernek-tuzugu","status":"publish","type":"page","link":"https:\/\/www.surdurulebilir.org\/eng\/hakkimizda\/dernek-tuzugu\/","title":{"rendered":"Assoc\u0131at\u0131on Statute"},"content":{"rendered":"\t\t<div data-elementor-type=\"wp-page\" data-elementor-id=\"746\" class=\"elementor elementor-746\" data-elementor-post-type=\"page\">\n\t\t\t\t<div class=\"elementor-element elementor-element-56996e4 e-flex e-con-boxed e-con e-parent\" data-id=\"56996e4\" data-element_type=\"container\">\n\t\t\t\t\t<div class=\"e-con-inner\">\n\t\t\t\t<div class=\"elementor-element elementor-element-0e854e6 elementor-widget elementor-widget-accordion\" data-id=\"0e854e6\" data-element_type=\"widget\" data-widget_type=\"accordion.default\">\n\t\t\t\t<div class=\"elementor-widget-container\">\n\t\t\t\t\t\t\t<div class=\"elementor-accordion\">\n\t\t\t\t\t\t\t<div class=\"elementor-accordion-item\">\n\t\t\t\t\t<div id=\"elementor-tab-title-1521\" class=\"elementor-tab-title\" data-tab=\"1\" role=\"button\" aria-controls=\"elementor-tab-content-1521\" aria-expanded=\"false\">\n\t\t\t\t\t\t\t\t\t\t\t\t\t<span class=\"elementor-accordion-icon elementor-accordion-icon-left\" aria-hidden=\"true\">\n\t\t\t\t\t\t\t\t\t\t\t\t\t\t\t<span class=\"elementor-accordion-icon-closed\"><svg class=\"e-font-icon-svg e-fas-plus\" viewBox=\"0 0 448 512\" xmlns=\"http:\/\/www.w3.org\/2000\/svg\"><path d=\"M416 208H272V64c0-17.67-14.33-32-32-32h-32c-17.67 0-32 14.33-32 32v144H32c-17.67 0-32 14.33-32 32v32c0 17.67 14.33 32 32 32h144v144c0 17.67 14.33 32 32 32h32c17.67 0 32-14.33 32-32V304h144c17.67 0 32-14.33 32-32v-32c0-17.67-14.33-32-32-32z\"><\/path><\/svg><\/span>\n\t\t\t\t\t\t\t\t<span class=\"elementor-accordion-icon-opened\"><svg class=\"e-font-icon-svg e-fas-minus\" viewBox=\"0 0 448 512\" xmlns=\"http:\/\/www.w3.org\/2000\/svg\"><path d=\"M416 208H32c-17.67 0-32 14.33-32 32v32c0 17.67 14.33 32 32 32h384c17.67 0 32-14.33 32-32v-32c0-17.67-14.33-32-32-32z\"><\/path><\/svg><\/span>\n\t\t\t\t\t\t\t\t\t\t\t\t\t\t<\/span>\n\t\t\t\t\t\t\t\t\t\t\t\t<a class=\"elementor-accordion-title\" tabindex=\"0\">Name and Center of the Assoc\u0131at\u0131on<\/a>\n\t\t\t\t\t<\/div>\n\t\t\t\t\t<div id=\"elementor-tab-content-1521\" class=\"elementor-tab-content elementor-clearfix\" data-tab=\"1\" role=\"region\" aria-labelledby=\"elementor-tab-title-1521\"><p>Article 1- Name of the Association: \u201cSustainable Development Association\u201d. The center of the Association is Ankara. The Association may open branches in Turkey and abroad.<\/p><\/div>\n\t\t\t\t<\/div>\n\t\t\t\t\t\t\t<div class=\"elementor-accordion-item\">\n\t\t\t\t\t<div id=\"elementor-tab-title-1522\" class=\"elementor-tab-title\" data-tab=\"2\" role=\"button\" aria-controls=\"elementor-tab-content-1522\" aria-expanded=\"false\">\n\t\t\t\t\t\t\t\t\t\t\t\t\t<span class=\"elementor-accordion-icon elementor-accordion-icon-left\" aria-hidden=\"true\">\n\t\t\t\t\t\t\t\t\t\t\t\t\t\t\t<span class=\"elementor-accordion-icon-closed\"><svg class=\"e-font-icon-svg e-fas-plus\" viewBox=\"0 0 448 512\" xmlns=\"http:\/\/www.w3.org\/2000\/svg\"><path d=\"M416 208H272V64c0-17.67-14.33-32-32-32h-32c-17.67 0-32 14.33-32 32v144H32c-17.67 0-32 14.33-32 32v32c0 17.67 14.33 32 32 32h144v144c0 17.67 14.33 32 32 32h32c17.67 0 32-14.33 32-32V304h144c17.67 0 32-14.33 32-32v-32c0-17.67-14.33-32-32-32z\"><\/path><\/svg><\/span>\n\t\t\t\t\t\t\t\t<span class=\"elementor-accordion-icon-opened\"><svg class=\"e-font-icon-svg e-fas-minus\" viewBox=\"0 0 448 512\" xmlns=\"http:\/\/www.w3.org\/2000\/svg\"><path d=\"M416 208H32c-17.67 0-32 14.33-32 32v32c0 17.67 14.33 32 32 32h384c17.67 0 32-14.33 32-32v-32c0-17.67-14.33-32-32-32z\"><\/path><\/svg><\/span>\n\t\t\t\t\t\t\t\t\t\t\t\t\t\t<\/span>\n\t\t\t\t\t\t\t\t\t\t\t\t<a class=\"elementor-accordion-title\" tabindex=\"0\">The Purpose of the Assoc\u0131at\u0131on and the Subjects and Forms of Work to be carr\u0131ed out by the Assoc\u0131at\u0131on \u0131n order to real\u0131ze th\u0131s Purpose and the F\u0131eld of Act\u0131v\u0131ty<\/a>\n\t\t\t\t\t<\/div>\n\t\t\t\t\t<div id=\"elementor-tab-content-1522\" class=\"elementor-tab-content elementor-clearfix\" data-tab=\"2\" role=\"region\" aria-labelledby=\"elementor-tab-title-1522\"><p>Article 2- The Association was established with the aim of working towards sustainable development, lifelong learning, social inclusion and increasing respect for the rights of all living beings, including human beings, in the field of civil society at national and international level, with the perspective of solving the problems of the past without leaving them to the next generation by adopting trusteeship instead of inheritance, planning the life and development of today and the future in a way that will enable the needs of future generations to be met and developed by ensuring the conscious consumption of resources, efforts to increase the level of economic growth and welfare, and efforts to protect the environment and the quality of life of all living things.<\/p><\/div>\n\t\t\t\t<\/div>\n\t\t\t\t\t\t\t<div class=\"elementor-accordion-item\">\n\t\t\t\t\t<div id=\"elementor-tab-title-1523\" class=\"elementor-tab-title\" data-tab=\"3\" role=\"button\" aria-controls=\"elementor-tab-content-1523\" aria-expanded=\"false\">\n\t\t\t\t\t\t\t\t\t\t\t\t\t<span class=\"elementor-accordion-icon elementor-accordion-icon-left\" aria-hidden=\"true\">\n\t\t\t\t\t\t\t\t\t\t\t\t\t\t\t<span class=\"elementor-accordion-icon-closed\"><svg class=\"e-font-icon-svg e-fas-plus\" viewBox=\"0 0 448 512\" xmlns=\"http:\/\/www.w3.org\/2000\/svg\"><path d=\"M416 208H272V64c0-17.67-14.33-32-32-32h-32c-17.67 0-32 14.33-32 32v144H32c-17.67 0-32 14.33-32 32v32c0 17.67 14.33 32 32 32h144v144c0 17.67 14.33 32 32 32h32c17.67 0 32-14.33 32-32V304h144c17.67 0 32-14.33 32-32v-32c0-17.67-14.33-32-32-32z\"><\/path><\/svg><\/span>\n\t\t\t\t\t\t\t\t<span class=\"elementor-accordion-icon-opened\"><svg class=\"e-font-icon-svg e-fas-minus\" viewBox=\"0 0 448 512\" xmlns=\"http:\/\/www.w3.org\/2000\/svg\"><path d=\"M416 208H32c-17.67 0-32 14.33-32 32v32c0 17.67 14.33 32 32 32h384c17.67 0 32-14.33 32-32v-32c0-17.67-14.33-32-32-32z\"><\/path><\/svg><\/span>\n\t\t\t\t\t\t\t\t\t\t\t\t\t\t<\/span>\n\t\t\t\t\t\t\t\t\t\t\t\t<a class=\"elementor-accordion-title\" tabindex=\"0\">Subjects and Forms of Work to be Conducted by the Assoc\u0131at\u0131on<\/a>\n\t\t\t\t\t<\/div>\n\t\t\t\t\t<div id=\"elementor-tab-content-1523\" class=\"elementor-tab-content elementor-clearfix\" data-tab=\"3\" role=\"region\" aria-labelledby=\"elementor-tab-title-1523\"><p>Article 3 &#8211; In order to enable and realize its activities, the Association may, in accordance with its purpose, work on the following subjects and methods (forms) with the aim of sustainable development in sectors such as education, health, population program, water supply and sanitation, conflict prevention and peaceful policy, transport and storage, communication, environment, energy, finance, business, agriculture, food, agriculture, forestry and fisheries, mining, industry, trade, construction, tourism, rural and regional development.<\/p><\/div>\n\t\t\t\t<\/div>\n\t\t\t\t\t\t\t<div class=\"elementor-accordion-item\">\n\t\t\t\t\t<div id=\"elementor-tab-title-1524\" class=\"elementor-tab-title\" data-tab=\"4\" role=\"button\" aria-controls=\"elementor-tab-content-1524\" aria-expanded=\"false\">\n\t\t\t\t\t\t\t\t\t\t\t\t\t<span class=\"elementor-accordion-icon elementor-accordion-icon-left\" aria-hidden=\"true\">\n\t\t\t\t\t\t\t\t\t\t\t\t\t\t\t<span class=\"elementor-accordion-icon-closed\"><svg class=\"e-font-icon-svg e-fas-plus\" viewBox=\"0 0 448 512\" xmlns=\"http:\/\/www.w3.org\/2000\/svg\"><path d=\"M416 208H272V64c0-17.67-14.33-32-32-32h-32c-17.67 0-32 14.33-32 32v144H32c-17.67 0-32 14.33-32 32v32c0 17.67 14.33 32 32 32h144v144c0 17.67 14.33 32 32 32h32c17.67 0 32-14.33 32-32V304h144c17.67 0 32-14.33 32-32v-32c0-17.67-14.33-32-32-32z\"><\/path><\/svg><\/span>\n\t\t\t\t\t\t\t\t<span class=\"elementor-accordion-icon-opened\"><svg class=\"e-font-icon-svg e-fas-minus\" viewBox=\"0 0 448 512\" xmlns=\"http:\/\/www.w3.org\/2000\/svg\"><path d=\"M416 208H32c-17.67 0-32 14.33-32 32v32c0 17.67 14.33 32 32 32h384c17.67 0 32-14.33 32-32v-32c0-17.67-14.33-32-32-32z\"><\/path><\/svg><\/span>\n\t\t\t\t\t\t\t\t\t\t\t\t\t\t<\/span>\n\t\t\t\t\t\t\t\t\t\t\t\t<a class=\"elementor-accordion-title\" tabindex=\"0\">Work\u0131ng Top\u0131cs<\/a>\n\t\t\t\t\t<\/div>\n\t\t\t\t\t<div id=\"elementor-tab-content-1524\" class=\"elementor-tab-content elementor-clearfix\" data-tab=\"4\" role=\"region\" aria-labelledby=\"elementor-tab-title-1524\"><ol><li><p>Promoting <strong>sustainable development and holistic progress<\/strong> in all human and natural domains by protecting the natural environment through efforts that ensure environmental, economic, and social development. This includes addressing social and economic inequalities in rural, urban, regional, and international contexts, ensuring safe human settlements and environmentally sensitive natural habitats, and enhancing social solidarity and civil society engagement in sustainable development.<\/p><\/li><li><p>Enhancing the <strong>well-being and quality of life for individuals of all ages<\/strong>, including income growth. This is achieved by ensuring gender, opportunity, and access equality as a shared principle between present and future generations, guaranteeing access to healthy living, and ensuring sustainable management practices.<\/p><\/li><li><p><strong>Protecting and empowering disadvantaged groups<\/strong>, including women, children, youth, the elderly, persons with disabilities, the long-term unemployed, refugees\/asylum seekers\/migrants\/nomads\/displaced persons, slum dwellers, individuals at risk of poverty, former prisoners or detainees, victims of violence or abuse, substance addicts, working children and their families, single parents, shelter residents, the homeless, seasonal agricultural workers, and others facing discrimination or prejudice in accessing social and economic opportunities.<\/p><\/li><li><p>Ensuring <strong>inclusive and equitable quality education for all<\/strong>, providing lifelong learning opportunities, contributing to the development of vocational training, and transforming human capital skills and competencies into added value.<\/p><\/li><li><p><strong>Developing human resources across all sectors<\/strong>, supporting occupational health and safety to establish a culture of decent work, fostering inter-sectoral collaboration, facilitating labor mobility, implementing measures to increase employment, and encouraging entrepreneurship through initiatives such as angel investing and crowdfunding.<\/p><\/li><li><p><strong>Protecting, improving, and supporting environmental and natural systems<\/strong>, ensuring balanced planning and management, prioritizing a low-carbon economy, raising awareness and combating climate change, and providing accessible, reliable, sustainable, and renewable modern energy.<\/p><\/li><li><p><strong>Conserving seas, all water resources, terrestrial ecosystems, and forests<\/strong>, ensuring their restoration and sustainable use, halting biodiversity loss, combating desertification, and preventing soil degradation.<\/p><\/li><li><p>Ensuring <strong>sustainable production and consumption<\/strong>, promoting self-sufficiency to meet everyone&#8217;s basic needs, eradicating poverty and hunger, improving food security and nutrition, and supporting sustainable agriculture.<\/p><\/li><li><p>Supporting <strong>sustainable and inclusive industrialization<\/strong>, the construction of modern infrastructure to meet future generations&#8217; needs, fostering innovation, research and development, technological advancement, and evolution, while enhancing local, regional, and international competitiveness and innovation.<\/p><\/li><li><p>Supporting <strong>effective and efficient public administration<\/strong>, enhancing institutional capacity to achieve global sustainable development goals, providing support to all public-private-university and civil society organizations, strengthening local and global partnerships, and promoting effective, accountable, and transparent institutions at all levels.<\/p><\/li><li><p>Ensuring <strong>governance, democracy, and human rights principles are accessible for all<\/strong>, facilitating access to justice, promoting social justice, combating discrimination, and fostering social equality, gender equality, equal treatment, and non-discrimination in accordance with the association&#8217;s objectives and working methods.<\/p><\/li><\/ol><\/div>\n\t\t\t\t<\/div>\n\t\t\t\t\t\t\t<div class=\"elementor-accordion-item\">\n\t\t\t\t\t<div id=\"elementor-tab-title-1525\" class=\"elementor-tab-title\" data-tab=\"5\" role=\"button\" aria-controls=\"elementor-tab-content-1525\" aria-expanded=\"false\">\n\t\t\t\t\t\t\t\t\t\t\t\t\t<span class=\"elementor-accordion-icon elementor-accordion-icon-left\" aria-hidden=\"true\">\n\t\t\t\t\t\t\t\t\t\t\t\t\t\t\t<span class=\"elementor-accordion-icon-closed\"><svg class=\"e-font-icon-svg e-fas-plus\" viewBox=\"0 0 448 512\" xmlns=\"http:\/\/www.w3.org\/2000\/svg\"><path d=\"M416 208H272V64c0-17.67-14.33-32-32-32h-32c-17.67 0-32 14.33-32 32v144H32c-17.67 0-32 14.33-32 32v32c0 17.67 14.33 32 32 32h144v144c0 17.67 14.33 32 32 32h32c17.67 0 32-14.33 32-32V304h144c17.67 0 32-14.33 32-32v-32c0-17.67-14.33-32-32-32z\"><\/path><\/svg><\/span>\n\t\t\t\t\t\t\t\t<span class=\"elementor-accordion-icon-opened\"><svg class=\"e-font-icon-svg e-fas-minus\" viewBox=\"0 0 448 512\" xmlns=\"http:\/\/www.w3.org\/2000\/svg\"><path d=\"M416 208H32c-17.67 0-32 14.33-32 32v32c0 17.67 14.33 32 32 32h384c17.67 0 32-14.33 32-32v-32c0-17.67-14.33-32-32-32z\"><\/path><\/svg><\/span>\n\t\t\t\t\t\t\t\t\t\t\t\t\t\t<\/span>\n\t\t\t\t\t\t\t\t\t\t\t\t<a class=\"elementor-accordion-title\" tabindex=\"0\">Work\u0131ng Methods (Forms)<\/a>\n\t\t\t\t\t<\/div>\n\t\t\t\t\t<div id=\"elementor-tab-content-1525\" class=\"elementor-tab-content elementor-clearfix\" data-tab=\"5\" role=\"region\" aria-labelledby=\"elementor-tab-title-1525\"><p>1 \u2013 Promoting sustainable development and progress in all areas while preserving the natural environment, ensuring holistic environmental, economic, and social development across all human and natural domains; addressing social and economic inequalities in rural, urban, regional, and international contexts; creating safe human settlements and environmentally friendly natural habitats; fostering social solidarity and enhancing the role of civil society in sustainable development.<\/p><p>2 \u2013 Increasing income and improving the well-being and quality of life for individuals of all ages; upholding equality in gender, opportunities, and accessibility as a shared principle between present and future generations; guaranteeing access to a healthy life and sustainable management of resources.<\/p><p>3 \u2013 Protecting and empowering disadvantaged groups, including women, children, youth, the elderly, people with disabilities, the long-term unemployed, refugees\/asylum seekers\/migrants\/nomads\/displaced persons, residents of informal settlements, individuals at risk of poverty or living in poverty, former prisoners or detainees, victims of violence or abuse, substance dependents, working children and their families, single parents raising children alone, individuals in shelters, the homeless, seasonal agricultural workers, and others facing discrimination or prejudice in accessing social or economic opportunities.<\/p><p>4 \u2013 Ensuring inclusive and equitable quality education for all; providing lifelong access to quality education opportunities; contributing to the development of vocational education; and enhancing human capital skills and competencies to create added value.<\/p><p>5 \u2013 Developing human resources across all sectors; supporting occupational health and safety; fostering a culture of decent work in all industries and intersectoral collaboration; implementing measures to increase employment by supporting workforce mobility; and encouraging entrepreneurship through angel investment and crowdfunding practices.<\/p><p>6 \u2013 Protecting, improving, and supporting environmental and natural systems; ensuring their balanced planning and management; emphasizing a low-carbon economy; raising awareness and mitigating the impacts of climate change; and providing accessible, reliable, sustainable, renewable, and modern energy.<\/p><p>7 \u2013 Protecting, restoring, and ensuring the sustainable use of seas, water resources, terrestrial ecosystems, and forests; halting biodiversity loss; combating desertification; and preventing land degradation.<\/p><p>8 \u2013 Ensuring self-sufficiency by promoting sustainable production and consumption; addressing fundamental needs to eliminate poverty and hunger; improving food security and nutrition; and supporting sustainable agriculture.<\/p><p>9 \u2013 Supporting sustainable and inclusive industrialization, infrastructure development, innovation, research and development, technological advancement, and evolution to meet the needs of future generations; enhancing competitiveness and innovation at local, regional, and international levels.<\/p><p>10 \u2013 Strengthening effective and efficient public administration; increasing institutional capacity; supporting public-private-university-civil society collaborations to achieve global sustainable development goals; enhancing the implementation of local and global partnerships; and promoting effective, accountable, and transparent institutions at all levels.<\/p><p>11 \u2013 Ensuring accessibility to principles of governance, democracy, and human rights for all; providing access to justice for everyone; addressing social justice and combating discrimination; promoting social equality, gender equality, fair treatment, and non-discrimination in all areas in alignment with the association\u2019s objectives and working methods.<\/p><\/div>\n\t\t\t\t<\/div>\n\t\t\t\t\t\t\t<div class=\"elementor-accordion-item\">\n\t\t\t\t\t<div id=\"elementor-tab-title-1526\" class=\"elementor-tab-title\" data-tab=\"6\" role=\"button\" aria-controls=\"elementor-tab-content-1526\" aria-expanded=\"false\">\n\t\t\t\t\t\t\t\t\t\t\t\t\t<span class=\"elementor-accordion-icon elementor-accordion-icon-left\" aria-hidden=\"true\">\n\t\t\t\t\t\t\t\t\t\t\t\t\t\t\t<span class=\"elementor-accordion-icon-closed\"><svg class=\"e-font-icon-svg e-fas-plus\" viewBox=\"0 0 448 512\" xmlns=\"http:\/\/www.w3.org\/2000\/svg\"><path d=\"M416 208H272V64c0-17.67-14.33-32-32-32h-32c-17.67 0-32 14.33-32 32v144H32c-17.67 0-32 14.33-32 32v32c0 17.67 14.33 32 32 32h144v144c0 17.67 14.33 32 32 32h32c17.67 0 32-14.33 32-32V304h144c17.67 0 32-14.33 32-32v-32c0-17.67-14.33-32-32-32z\"><\/path><\/svg><\/span>\n\t\t\t\t\t\t\t\t<span class=\"elementor-accordion-icon-opened\"><svg class=\"e-font-icon-svg e-fas-minus\" viewBox=\"0 0 448 512\" xmlns=\"http:\/\/www.w3.org\/2000\/svg\"><path d=\"M416 208H32c-17.67 0-32 14.33-32 32v32c0 17.67 14.33 32 32 32h384c17.67 0 32-14.33 32-32v-32c0-17.67-14.33-32-32-32z\"><\/path><\/svg><\/span>\n\t\t\t\t\t\t\t\t\t\t\t\t\t\t<\/span>\n\t\t\t\t\t\t\t\t\t\t\t\t<a class=\"elementor-accordion-title\" tabindex=\"0\">F\u0131eld of Act\u0131v\u0131ty of the Assoc\u0131at\u0131on<\/a>\n\t\t\t\t\t<\/div>\n\t\t\t\t\t<div id=\"elementor-tab-content-1526\" class=\"elementor-tab-content elementor-clearfix\" data-tab=\"6\" role=\"region\" aria-labelledby=\"elementor-tab-title-1526\"><p>The Association operates in the technical and social fields in Turkey and abroad.<\/p><\/div>\n\t\t\t\t<\/div>\n\t\t\t\t\t\t\t\t<\/div>\n\t\t\t\t\t\t<\/div>\n\t\t\t\t<\/div>\n\t\t\t\t\t<\/div>\n\t\t\t\t<\/div>\n\t\t\t\t<\/div>\n\t\t","protected":false},"excerpt":{"rendered":"<p>Name and Center of the Assoc\u0131at\u0131on Article 1- Name of the Association: \u201cSustainable Development Association\u201d. The center of the Association is Ankara. The Association may open branches in Turkey and abroad. The Purpose of the Assoc\u0131at\u0131on and the Subjects and Forms of Work to be carr\u0131ed out by the Assoc\u0131at\u0131on \u0131n order to real\u0131ze th\u0131s [&hellip;]<\/p>\n","protected":false},"author":1,"featured_media":0,"parent":741,"menu_order":0,"comment_status":"closed","ping_status":"closed","template":"","meta":{"footnotes":""},"class_list":["post-746","page","type-page","status-publish","hentry"],"_links":{"self":[{"href":"https:\/\/www.surdurulebilir.org\/eng\/wp-json\/wp\/v2\/pages\/746","targetHints":{"allow":["GET"]}}],"collection":[{"href":"https:\/\/www.surdurulebilir.org\/eng\/wp-json\/wp\/v2\/pages"}],"about":[{"href":"https:\/\/www.surdurulebilir.org\/eng\/wp-json\/wp\/v2\/types\/page"}],"author":[{"embeddable":true,"href":"https:\/\/www.surdurulebilir.org\/eng\/wp-json\/wp\/v2\/users\/1"}],"replies":[{"embeddable":true,"href":"https:\/\/www.surdurulebilir.org\/eng\/wp-json\/wp\/v2\/comments?post=746"}],"version-history":[{"count":13,"href":"https:\/\/www.surdurulebilir.org\/eng\/wp-json\/wp\/v2\/pages\/746\/revisions"}],"predecessor-version":[{"id":1793,"href":"https:\/\/www.surdurulebilir.org\/eng\/wp-json\/wp\/v2\/pages\/746\/revisions\/1793"}],"up":[{"embeddable":true,"href":"https:\/\/www.surdurulebilir.org\/eng\/wp-json\/wp\/v2\/pages\/741"}],"wp:attachment":[{"href":"https:\/\/www.surdurulebilir.org\/eng\/wp-json\/wp\/v2\/media?parent=746"}],"curies":[{"name":"wp","href":"https:\/\/api.w.org\/{rel}","templated":true}]}}